{"id":30,"date":"2016-12-06T14:11:58","date_gmt":"2016-12-06T13:11:58","guid":{"rendered":"https:\/\/webapps.iut-orsay.fr\/forum-entreprises\/?page_id=30"},"modified":"2026-01-12T12:56:46","modified_gmt":"2026-01-12T11:56:46","slug":"accueil-2","status":"publish","type":"page","link":"https:\/\/webapps.iut-orsay.fr\/forum-entreprises\/","title":{"rendered":"Le Forum des Entreprises\u00a0&#8211; Programme"},"content":{"rendered":"<h3 style=\"text-align: center;\"><span style=\"color: #800080;\">le<strong> jeudi 15 janvier 2026 <\/strong><\/span><span style=\"color: #800080;\">de <strong>13h30 \u00e0 17h00<\/strong>.<\/span><\/h3>\n<h4>Ce sera l&rsquo;occasion, pour les \u00e9tudiants des d\u00e9partements Chimie, Informatique et Mesures Physiques de pouvoir \u00e9changer avec les entreprises, d&rsquo;\u00e9tablir des contacts en vue de la recherche de stage, de contrats en alternance, de d\u00e9couvrir des environnements professionnels, d&rsquo;affiner les projets&#8230;<\/h4>\n<h4>La recherche d&rsquo;un stage ou\/et d&rsquo;un contrat en alternance sera la priorit\u00e9 pour nos \u00e9tudiants mais les offres d&#8217;emploi sont \u00e9galement les bienvenues.<\/h4>\n<h2><span style=\"color: #800080;\"><strong>D\u00e9roulement du Forum<\/strong> :<\/span><\/h2>\n<h4><span style=\"color: #800080;\"><strong>A partir de 10h00:<\/strong><\/span> Accueil des entreprises inscrites au Forum des Entreprises, \u00e0 la Visite et au Buffet d&rsquo;accueil.<\/h4>\n<h4><span style=\"color: #800080;\"><strong>De 10h30 \u00e0 11h30<\/strong><\/span><span style=\"color: #800080;\"><strong>:<\/strong><\/span> <strong>Visite de l&rsquo;un de nos d\u00e9partements.<\/strong><\/h4>\n<h4><strong><span style=\"color: #800080;\">A partir de 11h15: <span style=\"color: #333333;\">Accueil des Entreprises inscrites au Forum des Entreprises et au Buffet d&rsquo;accueil.<br \/>\n<\/span><\/span><\/strong><\/h4>\n<h4><strong><span style=\"color: #800080;\">De 11h30 \u00e0 13h00: <span style=\"color: #333333;\">Buffet d&rsquo;accueil dans le Hall de l&rsquo;IUT.<br \/>\n<\/span><\/span><\/strong><\/h4>\n<h4><span style=\"color: #800080;\">A partir de 12h45<\/span><strong>: Accueil des Entreprises inscrites uniquement au Forum des Entreprises.<\/strong><\/h4>\n<h4><span style=\"color: #800080;\">A 13h<\/span>: D\u00e9part de l&rsquo;IUT direction le LUMEN, <strong>Learning Center, situ\u00e9 en face de l&rsquo;IUT <\/strong>et installation sur votre stand.<\/h4>\n<h4><span style=\"color: #800080;\">A partir de 13h30: <span style=\"color: #333333;\"><strong>D\u00e9but des entretiens sur votre stand au LUMEN.<br \/>\n<\/strong><\/span><\/span><\/h4>\n<h4><span style=\"color: #800080;\">17h:<\/span> <strong>Cl\u00f4ture du Forum des Entreprises.<\/strong><\/h4>\n<pre style=\"text-align: left; width: 70%;\">CONTACT: Aur\u00e9lie CHRETIEN-TISSOT\u00a0\u00a0 \u00a0\u00a0\u00a0\u00a0\u00a0\u00a0\u00a0\u00a0\u00a0\u00a0       <img loading=\"lazy\" decoding=\"async\" class=\"alignnone wp-image-272\" src=\"https:\/\/webapps.iut-orsay.fr\/forum-entreprises\/wp-content\/uploads\/2017\/01\/telephone-300x300.jpg\" alt=\"\" width=\"16\" height=\"16\" srcset=\"https:\/\/webapps.iut-orsay.fr\/forum-entreprises\/wp-content\/uploads\/2017\/01\/telephone-300x300.jpg 300w, https:\/\/webapps.iut-orsay.fr\/forum-entreprises\/wp-content\/uploads\/2017\/01\/telephone-150x150.jpg 150w, https:\/\/webapps.iut-orsay.fr\/forum-entreprises\/wp-content\/uploads\/2017\/01\/telephone.jpg 626w\" sizes=\"auto, (max-width: 16px) 100vw, 16px\" \/> 01 69 33 60 26\n<img loading=\"lazy\" decoding=\"async\" class=\"alignnone wp-image-273\" src=\"https:\/\/webapps.iut-orsay.fr\/forum-entreprises\/wp-content\/uploads\/2017\/01\/email.jpg\" alt=\"\" width=\"17\" height=\"17\" \/> aurelie.chretien-tissot@universite-paris saclay.fr<\/pre>\n","protected":false},"excerpt":{"rendered":"<p>le jeudi 15 janvier 2026 de 13h30 \u00e0 17h00. Ce sera l&rsquo;occasion, pour les \u00e9tudiants des d\u00e9partements Chimie, Informatique et Mesures Physiques de pouvoir \u00e9changer avec les entreprises, d&rsquo;\u00e9tablir des contacts en vue de la recherche de stage, de contrats en alternance, de d\u00e9couvrir des environnements professionnels, d&rsquo;affiner les projets&#8230; La recherche d&rsquo;un stage ou\/et &hellip; <a href=\"https:\/\/webapps.iut-orsay.fr\/forum-entreprises\/\" class=\"more-link\">Continuer la lecture de <span class=\"screen-reader-text\">Le Forum des Entreprises\u00a0&#8211; Programme<\/span><\/a><\/p>\n","protected":false},"author":6,"featured_media":0,"parent":0,"menu_order":0,"comment_status":"closed","ping_status":"closed","template":"","meta":{"footnotes":""},"class_list":["post-30","page","type-page","status-publish","hentry"],"_links":{"self":[{"href":"https:\/\/webapps.iut-orsay.fr\/forum-entreprises\/index.php\/wp-json\/wp\/v2\/pages\/30","targetHints":{"allow":["GET"]}}],"collection":[{"href":"https:\/\/webapps.iut-orsay.fr\/forum-entreprises\/index.php\/wp-json\/wp\/v2\/pages"}],"about":[{"href":"https:\/\/webapps.iut-orsay.fr\/forum-entreprises\/index.php\/wp-json\/wp\/v2\/types\/page"}],"author":[{"embeddable":true,"href":"https:\/\/webapps.iut-orsay.fr\/forum-entreprises\/index.php\/wp-json\/wp\/v2\/users\/6"}],"replies":[{"embeddable":true,"href":"https:\/\/webapps.iut-orsay.fr\/forum-entreprises\/index.php\/wp-json\/wp\/v2\/comments?post=30"}],"version-history":[{"count":150,"href":"https:\/\/webapps.iut-orsay.fr\/forum-entreprises\/index.php\/wp-json\/wp\/v2\/pages\/30\/revisions"}],"predecessor-version":[{"id":3089,"href":"https:\/\/webapps.iut-orsay.fr\/forum-entreprises\/index.php\/wp-json\/wp\/v2\/pages\/30\/revisions\/3089"}],"wp:attachment":[{"href":"https:\/\/webapps.iut-orsay.fr\/forum-entreprises\/index.php\/wp-json\/wp\/v2\/media?parent=30"}],"curies":[{"name":"wp","href":"https:\/\/api.w.org\/{rel}","templated":true}]}}