{"id":32,"date":"2016-12-06T14:12:49","date_gmt":"2016-12-06T13:12:49","guid":{"rendered":"https:\/\/webapps.iut-orsay.fr\/forum-entreprises\/?page_id=32"},"modified":"2026-01-06T12:21:31","modified_gmt":"2026-01-06T11:21:31","slug":"info-entreprise","status":"publish","type":"page","link":"https:\/\/webapps.iut-orsay.fr\/forum-entreprises\/index.php\/info-entreprise\/","title":{"rendered":"LES ENTREPRISES"},"content":{"rendered":"\n<p class=\"has-text-align-center\"><strong><em><b><br><\/b><\/em><\/strong>Frais de participation : aucun pour cette ann\u00e9e<\/p>\n\n\n\n<h4 class=\"wp-block-heading\"><strong><em>Vous souhaitez participer au forum<\/em><em>:<\/em><\/strong><\/h4>\n\n\n\n<ul class=\"wp-block-list\">\n<li>Cl\u00f4ture des inscriptions le <strong>28 novembre 2025<\/strong>.<\/li>\n\n\n\n<li><strong><a href=\"https:\/\/webapps.iut-orsay.fr\/forum-entreprises\/wp-content\/uploads\/2025\/11\/lesiut_entreprises_2025_0_0.pdf\" data-type=\"link\" data-id=\"https:\/\/webapps.iut-orsay.fr\/forum-entreprises\/wp-content\/uploads\/2025\/11\/lesiut_entreprises_2025_0_0.pdf\">Plaquette<\/a><\/strong> \u00e0 destination des entreprises<\/li>\n<\/ul>\n\n\n\n<h4 class=\"wp-block-heading\"><strong><em>Pour tout compl\u00e9ment d&rsquo;information vous pouvez nous contacter:<\/em><\/strong><\/h4>\n\n\n\n<p><strong>Aur\u00e9lie Chr\u00e9tien-Tissot<\/strong>, charg\u00e9e des relations entreprises:<\/p>\n\n\n\n<ul class=\"wp-block-list\">\n<li>par t\u00e9l : 01 69 33 60 26<\/li>\n\n\n\n<li>par mail : aurelie.chretien-tissot@universite-paris-saclay.fr<\/li>\n<\/ul>\n\n\n\n<p><strong>Sylvie H\u00e9ron<\/strong>, charg\u00e9e de missions relations entreprises:<\/p>\n\n\n\n<ul class=\"wp-block-list\">\n<li>par mail : sylvie.heron@universite-paris-saclay.fr<\/li>\n<\/ul>\n\n\n\n<h4 class=\"wp-block-heading\"><strong><em>Les dates des stages:<\/em><\/strong><\/h4>\n\n\n\n<h4 class=\"wp-block-heading\"><span style=\"color: #333333;\">Chimie:<\/span><\/h4>\n\n\n\n<ul class=\"wp-block-list\">\n<li><strong>BUT 2<\/strong>: du 13\/04\/2026 au 03\/07\/2026<\/li>\n\n\n\n<li><strong>BUT 2 &#8211; Ann\u00e9e sp\u00e9ciale<\/strong>: du 25\/05\/2026 au 28\/08\/2026<\/li>\n\n\n\n<li><strong>BUT 3<\/strong>: du 13\/04\/2026 au 14\/08\/2026<\/li>\n<\/ul>\n\n\n\n<h4 class=\"wp-block-heading\">Informatique:<\/h4>\n\n\n\n<ul class=\"wp-block-list\">\n<li><strong>BUT 2<\/strong>: du 20\/04\/2026 au 10\/07\/2026<\/li>\n\n\n\n<li><strong>BUT 3<\/strong>: du 19\/01\/2026 au&nbsp; 17\/05\/2026<\/li>\n<\/ul>\n\n\n\n<h4 class=\"wp-block-heading\">Mesures Physiques:<\/h4>\n\n\n\n<ul class=\"wp-block-list\">\n<li><strong>BUT 2<\/strong>: du 06\/04\/2026 au 19\/06\/2026<\/li>\n\n\n\n<li><strong>BUT 3<\/strong>: du 16\/03\/2026 au 26\/06\/2026<\/li>\n<\/ul>\n\n\n\n<h4 class=\"wp-block-heading\"><em><strong>Les contrats d&rsquo;apprentissage:<\/strong><\/em><\/h4>\n\n\n\n<p>Les contrats propos\u00e9s \u00e0 nos \u00e9tudiants seront :<\/p>\n\n\n\n<ul class=\"wp-block-list\">\n<li><strong>Pour les BUT<\/strong>: de 2 ans (2e et 3e ann\u00e9e) ou d&rsquo; 1 an (3e ann\u00e9e)<\/li>\n\n\n\n<li><strong>Pour la Licence Professionnelle<\/strong> Traitement et Analyse de l&rsquo;Eau et des D\u00e9chets Aqueux: 1 an<\/li>\n<\/ul>\n\n\n\n<p><strong>Pour plus d&rsquo;information, veuillez consulter notre <a href=\"https:\/\/webapps.iut-orsay.fr\/forum-entreprises\/wp-content\/uploads\/2025\/11\/lesiut_entreprises_2025_0_0.pdf\" data-type=\"link\" data-id=\"https:\/\/webapps.iut-orsay.fr\/forum-entreprises\/wp-content\/uploads\/2025\/11\/lesiut_entreprises_2025_0_0.pdf\">plaquette \u00e0 destination des entreprises.<\/a><\/strong><\/p>\n\n\n\n<h4 class=\"wp-block-heading\"><em><b>Quelques pr\u00e9cisions:<\/b><\/em><\/h4>\n\n\n\n<ul class=\"wp-block-list\">\n<li>La pr\u00e9sentation de votre activit\u00e9 se fera sur le stand uniquement \u00e0 partir de<strong> 13h30<\/strong>.<\/li>\n\n\n\n<li>Merci de nous adresser, au plus tard le <strong>19 d\u00e9cembre 2025<\/strong>, les profils de poste sur lesquels nos \u00e9tudiants pourront se positionner et pr\u00e9parer leur entretien.<\/li>\n\n\n\n<li>Un acc\u00e8s wifi sera \u00e0 votre disposition (Wifi CentraleSupelec : se connecter avec une adresse mail).<\/li>\n\n\n\n<li>Merci de vous munir de vos supports de communication (Roll up, <span class=\"ILfuVd\" lang=\"fr\"><span class=\"hgKElc\">kakemono<\/span><\/span>).<\/li>\n\n\n\n<li><mark style=\"background-color:rgba(0, 0, 0, 0)\" class=\"has-inline-color has-medium-pink-color\"><strong>Une seule place de parking par entreprise sera disponible \u00e0 l&rsquo;IUT.<\/strong> Nous vous remercions alors de covoiturer ou de vous r\u00e9f\u00e9rer au plan des parkings pour stationner un autre v\u00e9hicule.<\/mark><\/li>\n<\/ul>\n\n\n\n<p><\/p>\n\n\n\n<p><em><strong>Plan du Campus de Saclay:<\/strong><\/em><\/p>\n\n\n\n<p><a href=\"https:\/\/webapps.iut-orsay.fr\/forum-entreprises\/wp-content\/uploads\/2024\/10\/plan-openstreetmap.pdf\">Plan du plateau de Saclay<\/a><\/p>\n\n\n\n<p><a href=\"https:\/\/webapps.iut-orsay.fr\/forum-entreprises\/wp-content\/uploads\/2024\/11\/Parkings-IUT-24-octobre-2024.pdf\">Plan des parkings sur le plateau de Saclay<\/a><\/p>\n\n\n\n<p><em style=\"font-size: revert;\"><strong>Plan du Forum des Entreprises:<\/strong><\/em> <\/p>\n\n\n\n<p><a href=\"https:\/\/webapps.iut-orsay.fr\/forum-entreprises\/wp-content\/uploads\/2026\/01\/Plan-Entreprises-LUMEN_2026.pdf\">Plan du Forum des Entreprises au LUMEN<\/a><\/p>\n\n\n\n<figure class=\"wp-block-image\"><a href=\"https:\/\/www.iut-orsay.universite-paris-saclay.fr\/\"><img loading=\"lazy\" decoding=\"async\" width=\"248\" height=\"207\" src=\"https:\/\/webapps.iut-orsay.fr\/forum-entreprises\/wp-content\/uploads\/2022\/01\/cropped-IUT-D-ORSAY-v-rvb.png\" alt=\"\" class=\"wp-image-1264\"\/><\/a><\/figure>\n\n\n\n<p><em><strong>Pour e<\/strong><\/em><em><strong>n sa<\/strong><\/em><em><strong>voir plus sur l&rsquo;IUT d&rsquo;Orsay cliquer sur notre logo<br><\/strong><\/em><\/p>\n","protected":false},"excerpt":{"rendered":"<p>Frais de participation : aucun pour cette ann\u00e9e Vous souhaitez participer au forum: Pour tout compl\u00e9ment d&rsquo;information vous pouvez nous contacter: Aur\u00e9lie Chr\u00e9tien-Tissot, charg\u00e9e des relations entreprises: Sylvie H\u00e9ron, charg\u00e9e de missions relations entreprises: Les dates des stages: Chimie: Informatique: Mesures Physiques: Les contrats d&rsquo;apprentissage: Les contrats propos\u00e9s \u00e0 nos \u00e9tudiants seront : Pour plus &hellip; <a href=\"https:\/\/webapps.iut-orsay.fr\/forum-entreprises\/index.php\/info-entreprise\/\" class=\"more-link\">Continuer la lecture de <span class=\"screen-reader-text\">LES ENTREPRISES<\/span><\/a><\/p>\n","protected":false},"author":6,"featured_media":0,"parent":0,"menu_order":0,"comment_status":"closed","ping_status":"closed","template":"","meta":{"footnotes":""},"class_list":["post-32","page","type-page","status-publish","hentry"],"_links":{"self":[{"href":"https:\/\/webapps.iut-orsay.fr\/forum-entreprises\/index.php\/wp-json\/wp\/v2\/pages\/32","targetHints":{"allow":["GET"]}}],"collection":[{"href":"https:\/\/webapps.iut-orsay.fr\/forum-entreprises\/index.php\/wp-json\/wp\/v2\/pages"}],"about":[{"href":"https:\/\/webapps.iut-orsay.fr\/forum-entreprises\/index.php\/wp-json\/wp\/v2\/types\/page"}],"author":[{"embeddable":true,"href":"https:\/\/webapps.iut-orsay.fr\/forum-entreprises\/index.php\/wp-json\/wp\/v2\/users\/6"}],"replies":[{"embeddable":true,"href":"https:\/\/webapps.iut-orsay.fr\/forum-entreprises\/index.php\/wp-json\/wp\/v2\/comments?post=32"}],"version-history":[{"count":276,"href":"https:\/\/webapps.iut-orsay.fr\/forum-entreprises\/index.php\/wp-json\/wp\/v2\/pages\/32\/revisions"}],"predecessor-version":[{"id":3082,"href":"https:\/\/webapps.iut-orsay.fr\/forum-entreprises\/index.php\/wp-json\/wp\/v2\/pages\/32\/revisions\/3082"}],"wp:attachment":[{"href":"https:\/\/webapps.iut-orsay.fr\/forum-entreprises\/index.php\/wp-json\/wp\/v2\/media?parent=32"}],"curies":[{"name":"wp","href":"https:\/\/api.w.org\/{rel}","templated":true}]}}