{"id":36,"date":"2016-12-06T14:13:15","date_gmt":"2016-12-06T13:13:15","guid":{"rendered":"https:\/\/webapps.iut-orsay.fr\/forum-entreprises\/?page_id=36"},"modified":"2025-11-04T10:37:54","modified_gmt":"2025-11-04T09:37:54","slug":"infos-pratiques","status":"publish","type":"page","link":"https:\/\/webapps.iut-orsay.fr\/forum-entreprises\/index.php\/infos-pratiques\/","title":{"rendered":"INFOS PRATIQUES"},"content":{"rendered":"<p style=\"text-align: left;\"><em><strong>Comment se rendre \u00e0 l&rsquo;IUT d&rsquo;Orsay, <\/strong><\/em><em><strong>13 avenue des Sciences &#8211; 91190 Gif-sur-Yvette\u00a0<\/strong><\/em><\/p>\n<p><em><strong>Plan du Campus Plateau de Saclay :\u00a0<\/strong><\/em><a href=\"https:\/\/webapps.iut-orsay.fr\/forum-entreprises\/wp-content\/uploads\/2024\/10\/plan-openstreetmap.pdf\">Plan du plateau de Saclay<\/a><\/p>\n<p><a href=\"https:\/\/webapps.iut-orsay.fr\/forum-entreprises\/wp-content\/uploads\/2024\/11\/Parkings-IUT-24-octobre-2024.pdf\">Plan des Parkings sur le plateau de Saclay<\/a><\/p>\n<p><strong>En voiture<\/strong> :\u00a0 RN 118, sortie Centre Universitaire, puis Plateau de Saclay.<\/p>\n<p><strong>Entr\u00e9e du <\/strong><em><strong>parking situ\u00e9e au 13 avenue des Sciences, entr\u00e9e principale de l&rsquo;IUT.<br \/>\n<\/strong><\/em><\/p>\n<p><span style=\"color: #ff0000;\"><strong>Une place de parking par entreprise sera disponible \u00e0 l&rsquo;IUT.<\/strong><\/span><span style=\"color: #ff0000;\"> Nous vous remercions alors de covoiturer ou de vous r\u00e9f\u00e9rer au plan des parkings pour stationner.<\/span><\/p>\n<p><em>Coordonn\u00e9es GPS: Avenue des sciences \u00e0 Gif-sur-Yvette [N +48\u00b0 42&prime; 42.863&Prime;, E +2\u00b0 10&prime; 6.754&Prime;]<\/em><\/p>\n<p><strong>PAR LES TRANSPORTS EN COMMUN<\/strong><\/p>\n<ul>\n<li>RER ligne B4, station \u00ab\u00a0Le Guichet\u00a0\u00bb puis bus 4609<\/li>\n<li>RER ligne B4, station \u00ab\u00a0Orsay-Ville\u00a0\u00bb puis bus 4607<\/li>\n<li>RER ligne B4, station \u00ab\u00a0Massy-Palaiseau\u00a0\u00bb puis bus Express 4606 ou 4610<\/li>\n<\/ul>\n<p><em>Bus, arr\u00eat \u00ab\u00a0Universit\u00e9 Paris-Saclay, Orsay\u00a0\u00bb<\/em><\/p>\n<ul>\n<li style=\"list-style-type: none;\">\n<ul>\n<li>Ligne 4606 (Christ \/ N306, Saclay \/\u00a0 GARE DE MASSY PALAISEAU, Massy)<\/li>\n<li>Ligne 5154 (Christ \/ N306, Saclay \/ A\u00e9roport Orly Ouest, Orly)<\/li>\n<li>Ligne 4609 (CEPR, Saclay \/ GARE DU GUICHET, Orsay)<\/li>\n<li>Bus EXPRESS 4605 (\u00c9vry &#8211; Courcouronnes, \u00c9vry-Courcouronnes \/ Fresnel Vauve \/ Polytechnique Vauve, Palaiseau<\/li>\n<\/ul>\n<\/li>\n<\/ul>\n<ul>\n<li style=\"list-style-type: none;\">\n<ul>\n<li><em>Bus, arr\u00eat \u00ab\u00a0IUT P\u00f4le d&rsquo;Ing\u00e9nierie, Orsay\u00a0\u00bb<\/em>\n<ul>\n<li>Ligne 4607 (Corbeville, Orsay \/ GARE D&rsquo;ORSAY VILLE, Orsay)<\/li>\n<\/ul>\n<\/li>\n<\/ul>\n<\/li>\n<\/ul>\n<ul>\n<li style=\"list-style-type: none;\">\n<ul>\n<li><em>Bus, arr\u00eat \u00ab\u00a0Corbeville\u00a0\u00bb<\/em>\n<ul>\n<li><em>Ligne 4608 (V\u00e9lizy 2, V\u00e9lizy-Villacoublay \/ Mairie, Les Ulis<\/em><\/li>\n<\/ul>\n<\/li>\n<\/ul>\n<\/li>\n<\/ul>\n","protected":false},"excerpt":{"rendered":"<p>Comment se rendre \u00e0 l&rsquo;IUT d&rsquo;Orsay, 13 avenue des Sciences &#8211; 91190 Gif-sur-Yvette\u00a0 Plan du Campus Plateau de Saclay :\u00a0Plan du plateau de Saclay Plan des Parkings sur le plateau de Saclay En voiture :\u00a0 RN 118, sortie Centre Universitaire, puis Plateau de Saclay. Entr\u00e9e du parking situ\u00e9e au 13 avenue des Sciences, entr\u00e9e principale &hellip; <a href=\"https:\/\/webapps.iut-orsay.fr\/forum-entreprises\/index.php\/infos-pratiques\/\" class=\"more-link\">Continuer la lecture de <span class=\"screen-reader-text\">INFOS PRATIQUES<\/span><\/a><\/p>\n","protected":false},"author":6,"featured_media":0,"parent":0,"menu_order":0,"comment_status":"closed","ping_status":"closed","template":"","meta":{"footnotes":""},"class_list":["post-36","page","type-page","status-publish","hentry"],"_links":{"self":[{"href":"https:\/\/webapps.iut-orsay.fr\/forum-entreprises\/index.php\/wp-json\/wp\/v2\/pages\/36","targetHints":{"allow":["GET"]}}],"collection":[{"href":"https:\/\/webapps.iut-orsay.fr\/forum-entreprises\/index.php\/wp-json\/wp\/v2\/pages"}],"about":[{"href":"https:\/\/webapps.iut-orsay.fr\/forum-entreprises\/index.php\/wp-json\/wp\/v2\/types\/page"}],"author":[{"embeddable":true,"href":"https:\/\/webapps.iut-orsay.fr\/forum-entreprises\/index.php\/wp-json\/wp\/v2\/users\/6"}],"replies":[{"embeddable":true,"href":"https:\/\/webapps.iut-orsay.fr\/forum-entreprises\/index.php\/wp-json\/wp\/v2\/comments?post=36"}],"version-history":[{"count":34,"href":"https:\/\/webapps.iut-orsay.fr\/forum-entreprises\/index.php\/wp-json\/wp\/v2\/pages\/36\/revisions"}],"predecessor-version":[{"id":2938,"href":"https:\/\/webapps.iut-orsay.fr\/forum-entreprises\/index.php\/wp-json\/wp\/v2\/pages\/36\/revisions\/2938"}],"wp:attachment":[{"href":"https:\/\/webapps.iut-orsay.fr\/forum-entreprises\/index.php\/wp-json\/wp\/v2\/media?parent=36"}],"curies":[{"name":"wp","href":"https:\/\/api.w.org\/{rel}","templated":true}]}}